{"id":4147,"date":"2014-11-22T11:36:14","date_gmt":"2014-11-22T10:36:14","guid":{"rendered":"http:\/\/szemenyeijanos.com\/?page_id=4147&#038;lang=en"},"modified":"2018-03-18T18:11:07","modified_gmt":"2018-03-18T17:11:07","slug":"home","status":"publish","type":"page","link":"https:\/\/www.szemenyeijanos.com\/en\/","title":{"rendered":"Home"},"content":{"rendered":"[vc_row padding=&#8221;0&#8243;][vc_column][rev_slider_vc alias=&#8221;jani_home&#8221;][\/vc_column][\/vc_row]\n","protected":false},"excerpt":{"rendered":"<p>[vc_row padding=&#8221;0&#8243;][vc_column][rev_slider_vc alias=&#8221;jani_home&#8221;][\/vc_column][\/vc_row]<\/p>\n","protected":false},"author":1,"featured_media":0,"parent":0,"menu_order":0,"comment_status":"closed","ping_status":"open","template":"","meta":{"footnotes":""},"class_list":["post-4147","page","type-page","status-publish","hentry"],"yoast_head":"<!-- This site is optimized with the Yoast SEO plugin v19.10 - https:\/\/yoast.com\/wordpress\/plugins\/seo\/ -->\n<title>Home | Szemenyei J\u00e1nos<\/title>\n<meta name=\"robots\" content=\"index, follow, max-snippet:-1, max-image-preview:large, max-video-preview:-1\" \/>\n<link rel=\"canonical\" href=\"https:\/\/www.szemenyeijanos.com\/en\/\" \/>\n<meta property=\"og:locale\" content=\"en_US\" \/>\n<meta property=\"og:type\" content=\"article\" \/>\n<meta property=\"og:title\" content=\"Home | Szemenyei J\u00e1nos\" \/>\n<meta property=\"og:description\" content=\"[vc_row padding=&#8221;0&#8243;][vc_column][rev_slider_vc alias=&#8221;jani_home&#8221;][\/vc_column][\/vc_row]\" \/>\n<meta property=\"og:url\" content=\"https:\/\/www.szemenyeijanos.com\/en\/\" \/>\n<meta property=\"og:site_name\" content=\"Szemenyei J\u00e1nos\" \/>\n<meta property=\"article:modified_time\" content=\"2018-03-18T17:11:07+00:00\" \/>\n<meta name=\"twitter:card\" content=\"summary_large_image\" \/>\n<script type=\"application\/ld+json\" class=\"yoast-schema-graph\">{\"@context\":\"https:\/\/schema.org\",\"@graph\":[{\"@type\":\"WebPage\",\"@id\":\"https:\/\/www.szemenyeijanos.com\/en\/\",\"url\":\"https:\/\/www.szemenyeijanos.com\/en\/\",\"name\":\"Home | Szemenyei J\u00e1nos\",\"isPartOf\":{\"@id\":\"https:\/\/www.szemenyeijanos.com\/#website\"},\"datePublished\":\"2014-11-22T10:36:14+00:00\",\"dateModified\":\"2018-03-18T17:11:07+00:00\",\"breadcrumb\":{\"@id\":\"https:\/\/www.szemenyeijanos.com\/en\/#breadcrumb\"},\"inLanguage\":\"en-US\",\"potentialAction\":[{\"@type\":\"ReadAction\",\"target\":[\"https:\/\/www.szemenyeijanos.com\/en\/\"]}]},{\"@type\":\"BreadcrumbList\",\"@id\":\"https:\/\/www.szemenyeijanos.com\/en\/#breadcrumb\",\"itemListElement\":[{\"@type\":\"ListItem\",\"position\":1,\"name\":\"Home\",\"item\":\"https:\/\/www.szemenyeijanos.com\/en\/\"},{\"@type\":\"ListItem\",\"position\":2,\"name\":\"Home\"}]},{\"@type\":\"WebSite\",\"@id\":\"https:\/\/www.szemenyeijanos.com\/#website\",\"url\":\"https:\/\/www.szemenyeijanos.com\/\",\"name\":\"Szemenyei J\u00e1nos\",\"description\":\"Sz\u00edn\u00e9sz, \u00e9nekes, zeneszerz\u0151\",\"potentialAction\":[{\"@type\":\"SearchAction\",\"target\":{\"@type\":\"EntryPoint\",\"urlTemplate\":\"https:\/\/www.szemenyeijanos.com\/?s={search_term_string}\"},\"query-input\":\"required name=search_term_string\"}],\"inLanguage\":\"en-US\"}]}<\/script>\n<!-- \/ Yoast SEO plugin. -->","yoast_head_json":{"title":"Home | Szemenyei J\u00e1nos","robots":{"index":"index","follow":"follow","max-snippet":"max-snippet:-1","max-image-preview":"max-image-preview:large","max-video-preview":"max-video-preview:-1"},"canonical":"https:\/\/www.szemenyeijanos.com\/en\/","og_locale":"en_US","og_type":"article","og_title":"Home | Szemenyei J\u00e1nos","og_description":"[vc_row padding=&#8221;0&#8243;][vc_column][rev_slider_vc alias=&#8221;jani_home&#8221;][\/vc_column][\/vc_row]","og_url":"https:\/\/www.szemenyeijanos.com\/en\/","og_site_name":"Szemenyei J\u00e1nos","article_modified_time":"2018-03-18T17:11:07+00:00","twitter_card":"summary_large_image","schema":{"@context":"https:\/\/schema.org","@graph":[{"@type":"WebPage","@id":"https:\/\/www.szemenyeijanos.com\/en\/","url":"https:\/\/www.szemenyeijanos.com\/en\/","name":"Home | Szemenyei J\u00e1nos","isPartOf":{"@id":"https:\/\/www.szemenyeijanos.com\/#website"},"datePublished":"2014-11-22T10:36:14+00:00","dateModified":"2018-03-18T17:11:07+00:00","breadcrumb":{"@id":"https:\/\/www.szemenyeijanos.com\/en\/#breadcrumb"},"inLanguage":"en-US","potentialAction":[{"@type":"ReadAction","target":["https:\/\/www.szemenyeijanos.com\/en\/"]}]},{"@type":"BreadcrumbList","@id":"https:\/\/www.szemenyeijanos.com\/en\/#breadcrumb","itemListElement":[{"@type":"ListItem","position":1,"name":"Home","item":"https:\/\/www.szemenyeijanos.com\/en\/"},{"@type":"ListItem","position":2,"name":"Home"}]},{"@type":"WebSite","@id":"https:\/\/www.szemenyeijanos.com\/#website","url":"https:\/\/www.szemenyeijanos.com\/","name":"Szemenyei J\u00e1nos","description":"Sz\u00edn\u00e9sz, \u00e9nekes, zeneszerz\u0151","potentialAction":[{"@type":"SearchAction","target":{"@type":"EntryPoint","urlTemplate":"https:\/\/www.szemenyeijanos.com\/?s={search_term_string}"},"query-input":"required name=search_term_string"}],"inLanguage":"en-US"}]}},"_links":{"self":[{"href":"https:\/\/www.szemenyeijanos.com\/en\/wp-json\/wp\/v2\/pages\/4147","targetHints":{"allow":["GET"]}}],"collection":[{"href":"https:\/\/www.szemenyeijanos.com\/en\/wp-json\/wp\/v2\/pages"}],"about":[{"href":"https:\/\/www.szemenyeijanos.com\/en\/wp-json\/wp\/v2\/types\/page"}],"author":[{"embeddable":true,"href":"https:\/\/www.szemenyeijanos.com\/en\/wp-json\/wp\/v2\/users\/1"}],"replies":[{"embeddable":true,"href":"https:\/\/www.szemenyeijanos.com\/en\/wp-json\/wp\/v2\/comments?post=4147"}],"version-history":[{"count":2,"href":"https:\/\/www.szemenyeijanos.com\/en\/wp-json\/wp\/v2\/pages\/4147\/revisions"}],"predecessor-version":[{"id":8790,"href":"https:\/\/www.szemenyeijanos.com\/en\/wp-json\/wp\/v2\/pages\/4147\/revisions\/8790"}],"wp:attachment":[{"href":"https:\/\/www.szemenyeijanos.com\/en\/wp-json\/wp\/v2\/media?parent=4147"}],"curies":[{"name":"wp","href":"https:\/\/api.w.org\/{rel}","templated":true}]}}